{"id":21448,"date":"2021-08-03T10:14:21","date_gmt":"2021-08-03T10:14:21","guid":{"rendered":"https:\/\/www.themarkers.ro\/?page_id=21448"},"modified":"2024-07-09T12:39:05","modified_gmt":"2024-07-09T12:39:05","slug":"termeni-si-conditii","status":"publish","type":"page","link":"https:\/\/www.themarkers.ro\/en\/termeni-si-conditii\/","title":{"rendered":"Terms and conditions"},"content":{"rendered":"<div data-elementor-type=\"wp-page\" data-elementor-id=\"21448\" class=\"elementor elementor-21448\" data-elementor-post-type=\"page\">\n\t\t\t\t\t\t<section class=\"elementor-section elementor-top-section elementor-element elementor-element-86872b6 elementor-section-boxed elementor-section-height-default elementor-section-height-default jltma-glass-effect-no e-parent\" data-id=\"86872b6\" data-element_type=\"section\">\n\t\t\t\t\t\t<div class=\"elementor-container elementor-column-gap-default\">\n\t\t\t\t\t<div class=\"elementor-column elementor-col-100 elementor-top-column elementor-element elementor-element-90fab93 lakit-col-width-auto-no jltma-glass-effect-no\" data-id=\"90fab93\" data-element_type=\"column\">\n\t\t\t<div class=\"elementor-widget-wrap elementor-element-populated\">\n\t\t\t\t\t\t<div class=\"elementor-element elementor-element-b2009be jltma-glass-effect-no elementor-widget elementor-widget-heading\" data-id=\"b2009be\" data-element_type=\"widget\" data-widget_type=\"heading.default\">\n\t\t\t\t<div class=\"elementor-widget-container\">\n\t\t\t\t\t<h1 class=\"elementor-heading-title elementor-size-default\">Terms and conditions<\/h1>\t\t\t\t<\/div>\n\t\t\t\t<\/div>\n\t\t\t\t<div class=\"elementor-element elementor-element-65587cc jltma-glass-effect-no elementor-widget elementor-widget-text-editor\" data-id=\"65587cc\" data-element_type=\"widget\" data-widget_type=\"text-editor.default\">\n\t\t\t\t<div class=\"elementor-widget-container\">\n\t\t\t\t\t\t\t\t\t<p>Terms and conditions for the users of www.themarkers.ro<\/p><p>The website is managed by SC The Markers Consult SRL<\/p><p>This website is offered in the form in which it is displayed when accessed by users, without any other guarantees. The Markers Consult is not and cannot be held responsible for any inconsistencies, unavailability or other defects of this website or its content.<\/p><p>If you use the services or information provided by this website, this will be equivalent to your acceptance of the terms and conditions below.<\/p><p>These terms and conditions are subject to change occasionally. You will be notified whenever there are changes to the terms and conditions of the website.<\/p><p>1. Protection of intellectual property<br \/>2. Use of the content of the \u201cWebsite\u201d<br \/>3. Content changes<br \/>4. Privacy<br \/>5. Force majeure<br \/>6. Applicable law and jurisdiction<\/p><p>1. Protection of intellectual property<br \/>The content and design (as well as any other material related to the website) sent to you by email or provided to you in any other way (such as: articles, newsletters, design and any other materials hereinafter referred to as the \u201cWebsite Content\u201d), belong to the Website and its collaborators \u2013 where this is expressly specified or no other author is specified \u2013 (copyright) and are protected by intellectual property laws. You may not use, reproduce or permit anyone to use or reproduce the materials without a written permission from the Website.<br \/>Patrimonial copyrights on texts, comments, messages, etc. posted by you on the Website shall be transferred to the Website as soon as you post them. After posting them on the Website, you continue to own the copyright over them. By default, you still have the right to use those texts in any way you wish. By displaying or publishing any texts, comments, messages, etc. on our website you grant us a limited, non-exclusive license to use, modify, publicly display, copy and distribute these texts.<\/p><p>2. Use of the content of the Website<br \/>You may copy and print the Content of the Website only for your personal, non-commercial use. In any other case, the content of the Website may not be reproduced, modified or exploited, regardless of the commercial or non-commercial purpose of this exploitation.<\/p><p>3. Content changes.<br \/>The Markers Consult reserves the right to suspend, modify, add or delete portions of its Content at any time. We also reserve the right to restrict users\u2019 access to some or all of its content.<\/p><p>4. Privacy agreement<br \/>The information you provide about yourself to the website will be used only in compliance with the terms of our privacy agreement.<\/p><p>5. Force majeure<br \/>The Website, its affiliates and, in general, the providers of information to the Website cannot be held responsible for any delay or error in the content provided by our publications, resulting directly or indirectly from causes beyond the control of the Website. This exemption includes, but is not limited to: errors in the operation of the technical equipment of the Website, failure of an Internet connection, failure of a telephone connection, computer viruses, unauthorized access to the systems of the Website, operating errors, strike, etc.<\/p><p>6. Law<br \/>The rights and obligations of the parties, imposed by this agreement, as well as all the legal effects that this agreement produces shall be interpreted and governed by the Romanian law in force. Any dispute concerning this agreement shall be brought before the Romanian courts for settlement.<\/p><p>S.C. The Markers Consult S.R.L.<br \/>TIN: 32016153<br \/>Trade Register registration no.: J40\/8896\/2013<\/p><p><b>METODE DE PLATA<br \/><\/b><br \/>Toate serviciile The Markers Consult SRL pot fi achitate prin urmatoarele modalit\u0103\u021bi de plat\u0103:<br \/>Cash in baza facturii si chitantei emise de The Markers Consult prin platforma Oblio.eu (detinuta de SC Oblio Software SRL)<br \/>Prin transfer bancar in baza facturii emise de The Markers Consult prin platforma Oblio.eu (detinuta de SC Oblio Software SRL)<br \/>Online, cu cardul, prin platforma Netopia Payments, in baza facturii emise de The Markers Consult prin platforma Oblio.eu (detinuta de SC Oblio Software SRL)<\/p><p><b>PLATA CU CARDUL<br \/><\/b><br \/>1. In urma semnarii contractului, vor fi emise factura\/facturile fiscala\/e care includ posibilitatea de plata online cu cardul prin intermediul serviciilor Netopia Payments. \u00cen acest fel, putem asigura clien\u021bilor no\u0219tri un serviciu sigur \u0219i eficient de plata online.<br \/>Factura include butonul de plata online \u201cPlateste cu cardul\u201d care va directiona catre platforma de plata Netopia Payments.<br \/>2. Dupa accesarea butonului, introduce\u021bi datele dumneavoastr\u0103 personale.<br \/>Aceste informa\u021bii sunt necesare pentru procesarea corect\u0103 \u0219i eficient\u0103 a comenzii plasate de c\u0103tre dumneavoastr\u0103. Informa\u021biile personale nu sunt transferate c\u0103tre alte ter\u021be p\u0103r\u021bi, nici de c\u0103tre The Markers Consult, nici de c\u0103tre Netopia Payments.<br \/>3. Introduce\u021bi datele despre credit\/debit card:<br \/>Pentru pl\u0103\u021bile cu carduri de credit\/debit emise sub sigla Visa \u0219i MasterCard (Visa\/Visa Electronic si Mastercard\/Maestro), este folosit sistemul \u201c3-D Secure\u201d, elaborat de aceste organiza\u021bii, care asigur\u0103 tranzac\u021biilor online acela\u0219i nivel de securitate ca cele realizate la bancomat sau in mediul fizic, la comerciant. \u201c3-D Secure\u201d asigur\u0103 \u00een primul r\u00e2nd c\u0103 nicio informa\u021bie legat\u0103 de cardul dumneavoastr\u0103 nu este transferat\u0103 sau stocat\u0103, \u00een niciun moment, pe serverele noastre sau pe serverele Netopia Payments, aceste date fiind direct introduse in sistemele Visa \u0219i MasterCard. \u00cen plus, \u201c3-D Secure\u201d este un sistem de autentificare a identit\u0103\u021bii posesorilor de carduri in mediu electronic. Procesul de autentificare a posesorului cardului se face pe baza codului de securitate cunoscut numai de posesor \u0219i se desf\u0103\u0219oar\u0103 numai pe serverele Visa sau MasterCard, dup\u0103 caz. Sistemul \u201c3-D Secure\u201d permite efectuarea de cump\u0103r\u0103turi online cu orice card emis sub licen\u021ba Visa sau MasterCard, inclusiv cele de debit si cele electronice Maestro si Visa Electronic. Sunt acceptate \u0219i cardurile virtuale emise de aceste organiza\u021bii.<br \/>4. Daca tranzac\u021bia prin card a fost reu\u0219it\u0103, in urmatorul ecran vi se mul\u021bume\u0219te \u0219i vi se ofer\u0103 informa\u021biile relevante pentru comand\u0103.<br \/>Accept\u0103m urm\u0103toarele c\u0103r\u021bi de credit\/debit: Visa, Visa Electronic, Mastercard\/Eurocard, Maestro, inclusiv cardurile virtuale Visa sau MasterCard.<\/p><p><b>POLITICA DE RETUR<br \/><\/b><br \/>Niciunul dintre serviciile The Markers Consult NU pot fi returnate.<br \/>In cazul in care, in urma discutiilor dintre reprezentantii The Markers Consult si clientul platitor, se stabileste returnarea banilor, acest lucru se face prin stornarea facturii emise si transferul banilor in contul din care au fost acestia virati in termen de 30 zile.<\/p><p><strong>Livrare<\/strong><\/p><p>Termenul de livrare (implementare) a serviciilor de marketing online este stipulat in fiecare contract in parte si este cuprins intre 10 si 20 de zile lucratoare\u00a0<\/p>\t\t\t\t\t\t\t\t<\/div>\n\t\t\t\t<\/div>\n\t\t\t\t\t<\/div>\n\t\t<\/div>\n\t\t\t\t\t<\/div>\n\t\t<\/section>\n\t\t\t\t<\/div>","protected":false},"excerpt":{"rendered":"<p>Termeni si conditii Termeni si conditii pentru utilizatorii www.themarkers.ro Site-ul este administrat de catre SC The Markers Consult SRL Acest site este oferit in forma in care se prezinta la accesarea sa de catre utilizatori, fara nici un fel de alte garantii. The Markers Consult nu este si nu poate fi facut responsabil pentru nepotriviri, [&hellip;]<\/p>\n","protected":false},"author":1,"featured_media":0,"parent":0,"menu_order":0,"comment_status":"closed","ping_status":"closed","template":"elementor_header_footer","meta":{"_acf_changed":false,"footnotes":""},"class_list":["post-21448","page","type-page","status-publish","hentry"],"acf":[],"yoast_head":"<!-- This site is optimized with the Yoast SEO plugin v27.3 - https:\/\/yoast.com\/product\/yoast-seo-wordpress\/ -->\n<title>Termeni si conditii - The Markers<\/title>\n<meta name=\"description\" content=\"Vezi termenii si conditiile de functionare care se aplica site-ului The Markers!\" \/>\n<meta name=\"robots\" content=\"index, follow, max-snippet:-1, max-image-preview:large, max-video-preview:-1\" \/>\n<link rel=\"canonical\" href=\"https:\/\/www.themarkers.ro\/en\/termeni-si-conditii\/\" \/>\n<meta property=\"og:locale\" content=\"en_US\" \/>\n<meta property=\"og:type\" content=\"article\" \/>\n<meta property=\"og:title\" content=\"Termeni si conditii - The Markers\" \/>\n<meta property=\"og:description\" content=\"Vezi termenii si conditiile de functionare care se aplica site-ului The Markers!\" \/>\n<meta property=\"og:url\" content=\"https:\/\/www.themarkers.ro\/en\/termeni-si-conditii\/\" \/>\n<meta property=\"og:site_name\" content=\"The Markers\" \/>\n<meta property=\"article:modified_time\" content=\"2024-07-09T12:39:05+00:00\" \/>\n<meta name=\"twitter:card\" content=\"summary_large_image\" \/>\n<meta name=\"twitter:label1\" content=\"Est. reading time\" \/>\n\t<meta name=\"twitter:data1\" content=\"6 minutes\" \/>\n<script type=\"application\/ld+json\" class=\"yoast-schema-graph\">{\"@context\":\"https:\\\/\\\/schema.org\",\"@graph\":[{\"@type\":\"WebPage\",\"@id\":\"https:\\\/\\\/www.themarkers.ro\\\/termeni-si-conditii\\\/\",\"url\":\"https:\\\/\\\/www.themarkers.ro\\\/termeni-si-conditii\\\/\",\"name\":\"Termeni si conditii - The Markers\",\"isPartOf\":{\"@id\":\"https:\\\/\\\/www.themarkers.ro\\\/#website\"},\"datePublished\":\"2021-08-03T10:14:21+00:00\",\"dateModified\":\"2024-07-09T12:39:05+00:00\",\"description\":\"Vezi termenii si conditiile de functionare care se aplica site-ului The Markers!\",\"breadcrumb\":{\"@id\":\"https:\\\/\\\/www.themarkers.ro\\\/termeni-si-conditii\\\/#breadcrumb\"},\"inLanguage\":\"en-US\",\"potentialAction\":[{\"@type\":\"ReadAction\",\"target\":[\"https:\\\/\\\/www.themarkers.ro\\\/termeni-si-conditii\\\/\"]}]},{\"@type\":\"BreadcrumbList\",\"@id\":\"https:\\\/\\\/www.themarkers.ro\\\/termeni-si-conditii\\\/#breadcrumb\",\"itemListElement\":[{\"@type\":\"ListItem\",\"position\":1,\"name\":\"\ud83d\ude80\",\"item\":\"https:\\\/\\\/www.themarkers.ro\\\/\"},{\"@type\":\"ListItem\",\"position\":2,\"name\":\"Termeni si conditii\"}]},{\"@type\":\"WebSite\",\"@id\":\"https:\\\/\\\/www.themarkers.ro\\\/#website\",\"url\":\"https:\\\/\\\/www.themarkers.ro\\\/\",\"name\":\"The Markers\",\"description\":\"Agentie de marketing si publicitate online\",\"publisher\":{\"@id\":\"https:\\\/\\\/www.themarkers.ro\\\/#organization\"},\"potentialAction\":[{\"@type\":\"SearchAction\",\"target\":{\"@type\":\"EntryPoint\",\"urlTemplate\":\"https:\\\/\\\/www.themarkers.ro\\\/?s={search_term_string}\"},\"query-input\":{\"@type\":\"PropertyValueSpecification\",\"valueRequired\":true,\"valueName\":\"search_term_string\"}}],\"inLanguage\":\"en-US\"},{\"@type\":\"Organization\",\"@id\":\"https:\\\/\\\/www.themarkers.ro\\\/#organization\",\"name\":\"The Markers\",\"url\":\"https:\\\/\\\/www.themarkers.ro\\\/\",\"logo\":{\"@type\":\"ImageObject\",\"inLanguage\":\"en-US\",\"@id\":\"https:\\\/\\\/www.themarkers.ro\\\/#\\\/schema\\\/logo\\\/image\\\/\",\"url\":\"https:\\\/\\\/www.themarkers.ro\\\/wp-content\\\/uploads\\\/2021\\\/05\\\/Logo-TM.png\",\"contentUrl\":\"https:\\\/\\\/www.themarkers.ro\\\/wp-content\\\/uploads\\\/2021\\\/05\\\/Logo-TM.png\",\"width\":530,\"height\":556,\"caption\":\"The Markers\"},\"image\":{\"@id\":\"https:\\\/\\\/www.themarkers.ro\\\/#\\\/schema\\\/logo\\\/image\\\/\"}}]}<\/script>\n<!-- \/ Yoast SEO plugin. -->","yoast_head_json":{"title":"Termeni si conditii - The Markers","description":"Vezi termenii si conditiile de functionare care se aplica site-ului The Markers!","robots":{"index":"index","follow":"follow","max-snippet":"max-snippet:-1","max-image-preview":"max-image-preview:large","max-video-preview":"max-video-preview:-1"},"canonical":"https:\/\/www.themarkers.ro\/en\/termeni-si-conditii\/","og_locale":"en_US","og_type":"article","og_title":"Termeni si conditii - The Markers","og_description":"Vezi termenii si conditiile de functionare care se aplica site-ului The Markers!","og_url":"https:\/\/www.themarkers.ro\/en\/termeni-si-conditii\/","og_site_name":"The Markers","article_modified_time":"2024-07-09T12:39:05+00:00","twitter_card":"summary_large_image","twitter_misc":{"Est. reading time":"6 minutes"},"schema":{"@context":"https:\/\/schema.org","@graph":[{"@type":"WebPage","@id":"https:\/\/www.themarkers.ro\/termeni-si-conditii\/","url":"https:\/\/www.themarkers.ro\/termeni-si-conditii\/","name":"Termeni si conditii - The Markers","isPartOf":{"@id":"https:\/\/www.themarkers.ro\/#website"},"datePublished":"2021-08-03T10:14:21+00:00","dateModified":"2024-07-09T12:39:05+00:00","description":"Vezi termenii si conditiile de functionare care se aplica site-ului The Markers!","breadcrumb":{"@id":"https:\/\/www.themarkers.ro\/termeni-si-conditii\/#breadcrumb"},"inLanguage":"en-US","potentialAction":[{"@type":"ReadAction","target":["https:\/\/www.themarkers.ro\/termeni-si-conditii\/"]}]},{"@type":"BreadcrumbList","@id":"https:\/\/www.themarkers.ro\/termeni-si-conditii\/#breadcrumb","itemListElement":[{"@type":"ListItem","position":1,"name":"\ud83d\ude80","item":"https:\/\/www.themarkers.ro\/"},{"@type":"ListItem","position":2,"name":"Termeni si conditii"}]},{"@type":"WebSite","@id":"https:\/\/www.themarkers.ro\/#website","url":"https:\/\/www.themarkers.ro\/","name":"The Markers","description":"Agentie de marketing si publicitate online","publisher":{"@id":"https:\/\/www.themarkers.ro\/#organization"},"potentialAction":[{"@type":"SearchAction","target":{"@type":"EntryPoint","urlTemplate":"https:\/\/www.themarkers.ro\/?s={search_term_string}"},"query-input":{"@type":"PropertyValueSpecification","valueRequired":true,"valueName":"search_term_string"}}],"inLanguage":"en-US"},{"@type":"Organization","@id":"https:\/\/www.themarkers.ro\/#organization","name":"The Markers","url":"https:\/\/www.themarkers.ro\/","logo":{"@type":"ImageObject","inLanguage":"en-US","@id":"https:\/\/www.themarkers.ro\/#\/schema\/logo\/image\/","url":"https:\/\/www.themarkers.ro\/wp-content\/uploads\/2021\/05\/Logo-TM.png","contentUrl":"https:\/\/www.themarkers.ro\/wp-content\/uploads\/2021\/05\/Logo-TM.png","width":530,"height":556,"caption":"The Markers"},"image":{"@id":"https:\/\/www.themarkers.ro\/#\/schema\/logo\/image\/"}}]}},"_links":{"self":[{"href":"https:\/\/www.themarkers.ro\/en\/wp-json\/wp\/v2\/pages\/21448","targetHints":{"allow":["GET"]}}],"collection":[{"href":"https:\/\/www.themarkers.ro\/en\/wp-json\/wp\/v2\/pages"}],"about":[{"href":"https:\/\/www.themarkers.ro\/en\/wp-json\/wp\/v2\/types\/page"}],"author":[{"embeddable":true,"href":"https:\/\/www.themarkers.ro\/en\/wp-json\/wp\/v2\/users\/1"}],"replies":[{"embeddable":true,"href":"https:\/\/www.themarkers.ro\/en\/wp-json\/wp\/v2\/comments?post=21448"}],"version-history":[{"count":7,"href":"https:\/\/www.themarkers.ro\/en\/wp-json\/wp\/v2\/pages\/21448\/revisions"}],"predecessor-version":[{"id":26419,"href":"https:\/\/www.themarkers.ro\/en\/wp-json\/wp\/v2\/pages\/21448\/revisions\/26419"}],"wp:attachment":[{"href":"https:\/\/www.themarkers.ro\/en\/wp-json\/wp\/v2\/media?parent=21448"}],"curies":[{"name":"wp","href":"https:\/\/api.w.org\/{rel}","templated":true}]}}